{"id":6726,"date":"2025-08-19T07:45:55","date_gmt":"2025-08-19T05:45:55","guid":{"rendered":"http:\/\/localhost:8080\/?page_id=6726"},"modified":"2025-08-19T08:10:10","modified_gmt":"2025-08-19T06:10:10","slug":"rodinne-pravo","status":"publish","type":"page","link":"https:\/\/oklegal.cz\/en\/rodinne-pravo\/","title":{"rendered":"Family Law"},"content":{"rendered":"\t\t<div data-elementor-type=\"wp-page\" data-elementor-id=\"6726\" class=\"elementor elementor-6726\">\n\t\t\t\t\t\t\t\t\t<div class=\" elementor-section elementor-top-section elementor-element elementor-element-02023e9 elementor-section-boxed elementor-section-height-default elementor-section-height-default\" data-id=\"02023e9\" data-element_type=\"section\">\r\n\t\t\t\t\t\t\t\t<div class=\"elementor-container elementor-column-gap-default\">\r\n\t\t\t\t\r\n\t\t\t\t\t\t\t<div class=\" elementor-column elementor-col-100 elementor-top-column elementor-element elementor-element-13561a7\" data-id=\"13561a7\" data-element_type=\"column\">\r\n\r\n\t\t\t\r\n\t\t\t<div class=\"elementor-widget-wrap elementor-element-populated\">\r\n\t\t\t\t\t\t\t\t\r\n\t\t\t\t\t<div class=\"elementor-element elementor-element-3ef7b00 elementor-invisible elementor-widget elementor-widget-heading\" data-id=\"3ef7b00\" data-element_type=\"widget\" data-settings=\"{&quot;_animation&quot;:&quot;fadeInUpShorter&quot;,&quot;_animation_delay&quot;:300}\" data-widget_type=\"heading.default\">\n\t\t\t\t<div class=\"elementor-widget-container\">\n\t\t\t<style>\/*! elementor - v3.13.3 - 28-05-2023 *\/\n.elementor-heading-title{padding:0;margin:0;line-height:1}.elementor-widget-heading .elementor-heading-title[class*=elementor-size-]>a{color:inherit;font-size:inherit;line-height:inherit}.elementor-widget-heading .elementor-heading-title.elementor-size-small{font-size:15px}.elementor-widget-heading .elementor-heading-title.elementor-size-medium{font-size:19px}.elementor-widget-heading .elementor-heading-title.elementor-size-large{font-size:29px}.elementor-widget-heading .elementor-heading-title.elementor-size-xl{font-size:39px}.elementor-widget-heading .elementor-heading-title.elementor-size-xxl{font-size:59px}<\/style><p class=\"elementor-heading-title elementor-size-default\">Nab\u00edz\u00edme p\u0159edev\u0161\u00edm pr\u00e1vn\u00ed pomoc p\u0159i \u00faprav\u00e1ch majetkov\u00e9ho re\u017eimu man\u017eel\u016f \u2013 zejm\u00e9na p\u0159edman\u017eelsk\u00e1 smlouva, zu\u017eov\u00e1n\u00ed, roz\u0161i\u0159ov\u00e1n\u00ed nebo vypo\u0159\u00e1d\u00e1n\u00ed spole\u010dn\u00e9ho jm\u011bn\u00ed man\u017eel\u016f. Pom\u016f\u017eeme V\u00e1m rovn\u011b\u017e p\u0159i \u0159e\u0161en\u00ed nep\u0159\u00edjemn\u00e9 ot\u00e1zky rozvod\u016f a v\u011bc\u00ed s nimi souvisej\u00edc\u00edch, zejm\u00e9na v\u00fd\u017eivn\u00e9ho a \u00fapravy pom\u011br\u016f k nezletil\u00fdm d\u011btem pro dobu p\u0159ed a po rozvodu (tj. sv\u011b\u0159en\u00ed d\u00edt\u011bte do p\u00e9\u010de, stanoven\u00ed a \u00fapravy v\u00fd\u017eivn\u00e9ho i v\u010detn\u011b jeho vym\u00e1h\u00e1n\u00ed). Samoz\u0159ejmost\u00ed je t\u00e9\u017e zastupov\u00e1n\u00ed p\u0159ed p\u0159\u00edslu\u0161n\u00fdmi org\u00e1ny.<\/p>\t\t<\/div>\n\t\t\t\t<\/div>\n\t\t\t\t<div class=\"elementor-element elementor-element-180f26c elementor-widget elementor-widget-spacer\" data-id=\"180f26c\" data-element_type=\"widget\" data-widget_type=\"spacer.default\">\n\t\t\t\t<div class=\"elementor-widget-container\">\n\t\t\t<style>\/*! elementor - v3.13.3 - 28-05-2023 *\/\n.elementor-column .elementor-spacer-inner{height:var(--spacer-size)}.e-con{--container-widget-width:100%}.e-con-inner>.elementor-widget-spacer,.e-con>.elementor-widget-spacer{width:var(--container-widget-width,var(--spacer-size));--align-self:var(--container-widget-align-self,initial);--flex-shrink:0}.e-con-inner>.elementor-widget-spacer>.elementor-widget-container,.e-con-inner>.elementor-widget-spacer>.elementor-widget-container>.elementor-spacer,.e-con>.elementor-widget-spacer>.elementor-widget-container,.e-con>.elementor-widget-spacer>.elementor-widget-container>.elementor-spacer{height:100%}.e-con-inner>.elementor-widget-spacer>.elementor-widget-container>.elementor-spacer>.elementor-spacer-inner,.e-con>.elementor-widget-spacer>.elementor-widget-container>.elementor-spacer>.elementor-spacer-inner{height:var(--container-widget-height,var(--spacer-size))}<\/style>\t\t<div class=\"elementor-spacer\">\n\t\t\t<div class=\"elementor-spacer-inner\"><\/div>\n\t\t<\/div>\n\t\t\t\t<\/div>\n\t\t\t\t<\/div>\n\t\t\t\t\t<\/div>\r\n\t\t\t<\/div>\r\n\t\t\t\t\t\t\t<\/div>\r\n\t\t\t<\/div>\r\n\t\t\t\t\t\t\t\t<\/div>\n\t\t","protected":false},"excerpt":{"rendered":"<p>Nab\u00edz\u00edme p\u0159edev\u0161\u00edm pr\u00e1vn\u00ed pomoc p\u0159i \u00faprav\u00e1ch majetkov\u00e9ho re\u017eimu man\u017eel\u016f \u2013 zejm\u00e9na p\u0159edman\u017eelsk\u00e1 smlouva, zu\u017eov\u00e1n\u00ed, roz\u0161i\u0159ov\u00e1n\u00ed nebo vypo\u0159\u00e1d\u00e1n\u00ed spole\u010dn\u00e9ho jm\u011bn\u00ed man\u017eel\u016f. Pom\u016f\u017eeme V\u00e1m rovn\u011b\u017e p\u0159i \u0159e\u0161en\u00ed nep\u0159\u00edjemn\u00e9 ot\u00e1zky rozvod\u016f a v\u011bc\u00ed s nimi souvisej\u00edc\u00edch, zejm\u00e9na v\u00fd\u017eivn\u00e9ho a \u00fapravy pom\u011br\u016f k nezletil\u00fdm d\u011btem pro dobu p\u0159ed a po rozvodu (tj. sv\u011b\u0159en\u00ed d\u00edt\u011bte do p\u00e9\u010de, stanoven\u00ed a \u00fapravy [&hellip;]<\/p>\n","protected":false},"author":1,"featured_media":0,"parent":0,"menu_order":0,"comment_status":"closed","ping_status":"closed","template":"","meta":{"_acf_changed":false,"footnotes":""},"class_list":["post-6726","page","type-page","status-publish","hentry"],"acf":[],"_links":{"self":[{"href":"https:\/\/oklegal.cz\/en\/wp-json\/wp\/v2\/pages\/6726","targetHints":{"allow":["GET"]}}],"collection":[{"href":"https:\/\/oklegal.cz\/en\/wp-json\/wp\/v2\/pages"}],"about":[{"href":"https:\/\/oklegal.cz\/en\/wp-json\/wp\/v2\/types\/page"}],"author":[{"embeddable":true,"href":"https:\/\/oklegal.cz\/en\/wp-json\/wp\/v2\/users\/1"}],"replies":[{"embeddable":true,"href":"https:\/\/oklegal.cz\/en\/wp-json\/wp\/v2\/comments?post=6726"}],"version-history":[{"count":4,"href":"https:\/\/oklegal.cz\/en\/wp-json\/wp\/v2\/pages\/6726\/revisions"}],"predecessor-version":[{"id":6765,"href":"https:\/\/oklegal.cz\/en\/wp-json\/wp\/v2\/pages\/6726\/revisions\/6765"}],"wp:attachment":[{"href":"https:\/\/oklegal.cz\/en\/wp-json\/wp\/v2\/media?parent=6726"}],"curies":[{"name":"wp","href":"https:\/\/api.w.org\/{rel}","templated":true}]}}