{"id":6725,"date":"2025-08-19T07:46:02","date_gmt":"2025-08-19T05:46:02","guid":{"rendered":"http:\/\/localhost:8080\/?page_id=6725"},"modified":"2025-08-19T08:09:49","modified_gmt":"2025-08-19T06:09:49","slug":"pracovni-pravo","status":"publish","type":"page","link":"https:\/\/oklegal.cz\/en\/pracovni-pravo\/","title":{"rendered":"Employment Law"},"content":{"rendered":"\t\t<div data-elementor-type=\"wp-page\" data-elementor-id=\"6725\" class=\"elementor elementor-6725\">\n\t\t\t\t\t\t\t\t\t<div class=\" elementor-section elementor-top-section elementor-element elementor-element-02023e9 elementor-section-boxed elementor-section-height-default elementor-section-height-default\" data-id=\"02023e9\" data-element_type=\"section\">\r\n\t\t\t\t\t\t\t\t<div class=\"elementor-container elementor-column-gap-default\">\r\n\t\t\t\t\r\n\t\t\t\t\t\t\t<div class=\" elementor-column elementor-col-100 elementor-top-column elementor-element elementor-element-13561a7\" data-id=\"13561a7\" data-element_type=\"column\">\r\n\r\n\t\t\t\r\n\t\t\t<div class=\"elementor-widget-wrap elementor-element-populated\">\r\n\t\t\t\t\t\t\t\t\r\n\t\t\t\t\t<div class=\"elementor-element elementor-element-3ef7b00 elementor-invisible elementor-widget elementor-widget-heading\" data-id=\"3ef7b00\" data-element_type=\"widget\" data-settings=\"{&quot;_animation&quot;:&quot;fadeInUpShorter&quot;,&quot;_animation_delay&quot;:300}\" data-widget_type=\"heading.default\">\n\t\t\t\t<div class=\"elementor-widget-container\">\n\t\t\t<style>\/*! elementor - v3.13.3 - 28-05-2023 *\/\n.elementor-heading-title{padding:0;margin:0;line-height:1}.elementor-widget-heading .elementor-heading-title[class*=elementor-size-]>a{color:inherit;font-size:inherit;line-height:inherit}.elementor-widget-heading .elementor-heading-title.elementor-size-small{font-size:15px}.elementor-widget-heading .elementor-heading-title.elementor-size-medium{font-size:19px}.elementor-widget-heading .elementor-heading-title.elementor-size-large{font-size:29px}.elementor-widget-heading .elementor-heading-title.elementor-size-xl{font-size:39px}.elementor-widget-heading .elementor-heading-title.elementor-size-xxl{font-size:59px}<\/style><p class=\"elementor-heading-title elementor-size-default\">Nab\u00edz\u00edme pr\u00e1vn\u00ed poradenstv\u00ed p\u0159i p\u0159\u00edprav\u011b pracovn\u00edch \u010di mana\u017eersk\u00fdch smluv i dohod o prac\u00edch konan\u00fdch mimo pracovn\u00ed pom\u011br (tj. dohod o proveden\u00ed pr\u00e1ce a dohod o pracovn\u00ed \u010dinnosti). \u0158e\u0161\u00edme zm\u011bny a rozv\u00e1z\u00e1n\u00ed pracovn\u00edho pom\u011bru (v\u00fdpov\u011bd\u00ed, dohodou, okam\u017eit\u00fdm zru\u0161en\u00edm) a spory o jejich platnost.\n<br><br>\nD\u00e1le jsme p\u0159ipraveni V\u00e1m pomoci p\u0159i \u0159e\u0161en\u00ed pr\u00e1vn\u00edch ot\u00e1zek souvisej\u00edc\u00edch s v\u00fdkonem pr\u00e1ce a HR, nap\u0159. s p\u0159\u00edpravou pracovn\u00edho \u0159\u00e1du, vnit\u0159n\u00edch p\u0159edpis\u016f nebo kolektivn\u00edch smluv. Porad\u00edme V\u00e1m tak\u00e9 p\u0159i \u0159e\u0161en\u00ed ot\u00e1zky dovolen\u00fdch, mezd, ochrany zdrav\u00ed zam\u011bstnanc\u016f, odpov\u011bdnosti za \u0161kodu apod. M\u00e1me bohat\u00e9 zku\u0161enosti ve v\u011bcech t\u00fdkaj\u00edc\u00edch se zam\u011bstn\u00e1v\u00e1n\u00ed a pobytu cizinc\u016f na \u00fazem\u00ed \u010cR.\n<br><br>\nA\u0165 u\u017e jste v pozici zam\u011bstnavatele, nebo zam\u011bstnance, poskytneme V\u00e1m vysoce kvalifikovan\u00e9 a komplexn\u00ed slu\u017eby p\u0159izp\u016fsoben\u00e9 Va\u0161im konkr\u00e9tn\u00edm pot\u0159eb\u00e1m. M\u016f\u017eete se tedy na n\u00e1s s d\u016fv\u011brou obr\u00e1tit.<\/p>\t\t<\/div>\n\t\t\t\t<\/div>\n\t\t\t\t<div class=\"elementor-element elementor-element-180f26c elementor-widget elementor-widget-spacer\" data-id=\"180f26c\" data-element_type=\"widget\" data-widget_type=\"spacer.default\">\n\t\t\t\t<div class=\"elementor-widget-container\">\n\t\t\t<style>\/*! elementor - v3.13.3 - 28-05-2023 *\/\n.elementor-column .elementor-spacer-inner{height:var(--spacer-size)}.e-con{--container-widget-width:100%}.e-con-inner>.elementor-widget-spacer,.e-con>.elementor-widget-spacer{width:var(--container-widget-width,var(--spacer-size));--align-self:var(--container-widget-align-self,initial);--flex-shrink:0}.e-con-inner>.elementor-widget-spacer>.elementor-widget-container,.e-con-inner>.elementor-widget-spacer>.elementor-widget-container>.elementor-spacer,.e-con>.elementor-widget-spacer>.elementor-widget-container,.e-con>.elementor-widget-spacer>.elementor-widget-container>.elementor-spacer{height:100%}.e-con-inner>.elementor-widget-spacer>.elementor-widget-container>.elementor-spacer>.elementor-spacer-inner,.e-con>.elementor-widget-spacer>.elementor-widget-container>.elementor-spacer>.elementor-spacer-inner{height:var(--container-widget-height,var(--spacer-size))}<\/style>\t\t<div class=\"elementor-spacer\">\n\t\t\t<div class=\"elementor-spacer-inner\"><\/div>\n\t\t<\/div>\n\t\t\t\t<\/div>\n\t\t\t\t<\/div>\n\t\t\t\t\t<\/div>\r\n\t\t\t<\/div>\r\n\t\t\t\t\t\t\t<\/div>\r\n\t\t\t<\/div>\r\n\t\t\t\t\t\t\t\t<\/div>\n\t\t","protected":false},"excerpt":{"rendered":"<p>Nab\u00edz\u00edme pr\u00e1vn\u00ed poradenstv\u00ed p\u0159i p\u0159\u00edprav\u011b pracovn\u00edch \u010di mana\u017eersk\u00fdch smluv i dohod o prac\u00edch konan\u00fdch mimo pracovn\u00ed pom\u011br (tj. dohod o proveden\u00ed pr\u00e1ce a dohod o pracovn\u00ed \u010dinnosti). \u0158e\u0161\u00edme zm\u011bny a rozv\u00e1z\u00e1n\u00ed pracovn\u00edho pom\u011bru (v\u00fdpov\u011bd\u00ed, dohodou, okam\u017eit\u00fdm zru\u0161en\u00edm) a spory o jejich platnost. D\u00e1le jsme p\u0159ipraveni V\u00e1m pomoci p\u0159i \u0159e\u0161en\u00ed pr\u00e1vn\u00edch ot\u00e1zek souvisej\u00edc\u00edch s v\u00fdkonem pr\u00e1ce [&hellip;]<\/p>\n","protected":false},"author":1,"featured_media":0,"parent":0,"menu_order":0,"comment_status":"closed","ping_status":"closed","template":"","meta":{"_acf_changed":false,"footnotes":""},"class_list":["post-6725","page","type-page","status-publish","hentry"],"acf":[],"_links":{"self":[{"href":"https:\/\/oklegal.cz\/en\/wp-json\/wp\/v2\/pages\/6725","targetHints":{"allow":["GET"]}}],"collection":[{"href":"https:\/\/oklegal.cz\/en\/wp-json\/wp\/v2\/pages"}],"about":[{"href":"https:\/\/oklegal.cz\/en\/wp-json\/wp\/v2\/types\/page"}],"author":[{"embeddable":true,"href":"https:\/\/oklegal.cz\/en\/wp-json\/wp\/v2\/users\/1"}],"replies":[{"embeddable":true,"href":"https:\/\/oklegal.cz\/en\/wp-json\/wp\/v2\/comments?post=6725"}],"version-history":[{"count":4,"href":"https:\/\/oklegal.cz\/en\/wp-json\/wp\/v2\/pages\/6725\/revisions"}],"predecessor-version":[{"id":6762,"href":"https:\/\/oklegal.cz\/en\/wp-json\/wp\/v2\/pages\/6725\/revisions\/6762"}],"wp:attachment":[{"href":"https:\/\/oklegal.cz\/en\/wp-json\/wp\/v2\/media?parent=6725"}],"curies":[{"name":"wp","href":"https:\/\/api.w.org\/{rel}","templated":true}]}}