{"id":6724,"date":"2025-08-19T07:45:30","date_gmt":"2025-08-19T05:45:30","guid":{"rendered":"http:\/\/localhost:8080\/?page_id=6724"},"modified":"2025-08-19T08:09:06","modified_gmt":"2025-08-19T06:09:06","slug":"soudni-spory","status":"publish","type":"page","link":"https:\/\/oklegal.cz\/en\/soudni-spory\/","title":{"rendered":"Litigation"},"content":{"rendered":"\t\t<div data-elementor-type=\"wp-page\" data-elementor-id=\"6724\" class=\"elementor elementor-6724\">\n\t\t\t\t\t\t\t\t\t<div class=\" elementor-section elementor-top-section elementor-element elementor-element-02023e9 elementor-section-boxed elementor-section-height-default elementor-section-height-default\" data-id=\"02023e9\" data-element_type=\"section\">\r\n\t\t\t\t\t\t\t\t<div class=\"elementor-container elementor-column-gap-default\">\r\n\t\t\t\t\r\n\t\t\t\t\t\t\t<div class=\" elementor-column elementor-col-100 elementor-top-column elementor-element elementor-element-13561a7\" data-id=\"13561a7\" data-element_type=\"column\">\r\n\r\n\t\t\t\r\n\t\t\t<div class=\"elementor-widget-wrap elementor-element-populated\">\r\n\t\t\t\t\t\t\t\t\r\n\t\t\t\t\t<div class=\"elementor-element elementor-element-3ef7b00 elementor-invisible elementor-widget elementor-widget-heading\" data-id=\"3ef7b00\" data-element_type=\"widget\" data-settings=\"{&quot;_animation&quot;:&quot;fadeInUpShorter&quot;,&quot;_animation_delay&quot;:300}\" data-widget_type=\"heading.default\">\n\t\t\t\t<div class=\"elementor-widget-container\">\n\t\t\t<style>\/*! elementor - v3.13.3 - 28-05-2023 *\/\n.elementor-heading-title{padding:0;margin:0;line-height:1}.elementor-widget-heading .elementor-heading-title[class*=elementor-size-]>a{color:inherit;font-size:inherit;line-height:inherit}.elementor-widget-heading .elementor-heading-title.elementor-size-small{font-size:15px}.elementor-widget-heading .elementor-heading-title.elementor-size-medium{font-size:19px}.elementor-widget-heading .elementor-heading-title.elementor-size-large{font-size:29px}.elementor-widget-heading .elementor-heading-title.elementor-size-xl{font-size:39px}.elementor-widget-heading .elementor-heading-title.elementor-size-xxl{font-size:59px}<\/style><p class=\"elementor-heading-title elementor-size-default\">Va\u0161e pr\u00e1va budeme h\u00e1jit a zastupovat V\u00e1s i v p\u0159\u00edpadn\u00e9m soudn\u00edm, rozhod\u010d\u00edm, exeku\u010dn\u00edm, \u010di insolven\u010dn\u00edm \u0159\u00edzen\u00ed, a\u0165 u\u017e vystupujete na stran\u011b \u017ealobce, \u017ealovan\u00e9ho, dlu\u017en\u00edka \u010di v\u011b\u0159itele.\n<br><br>\nV p\u0159\u00edpad\u011b spor\u016f se v\u017edy nejprve sna\u017e\u00edme o to, aby na\u0161e argumenty byly natolik p\u0159esv\u011bd\u010div\u00e9, \u017ee soudn\u00ed \u0159\u00edzen\u00ed nebude zapot\u0159eb\u00ed. Nedojde-li v\u0161ak k dosa\u017een\u00ed mimosoudn\u00ed dohody, nev\u00e1h\u00e1me Va\u0161a pr\u00e1va efektivn\u011b uplatnit v soudn\u00edm \u010di rozhod\u010d\u00edm \u0159\u00edzen\u00ed. Pokud soudn\u00ed rozhodnut\u00ed, \u010di jin\u00fd exeku\u010dn\u00ed titul, protistrana nespln\u00ed dobrovoln\u011b, vym\u00e1h\u00e1me p\u0159\u00edslu\u0161n\u00e9 povinnosti tak\u00e9 v exeku\u010dn\u00edm \u0159\u00edzen\u00ed. Jsme schopni V\u00e1m poradit a pomoci i v p\u0159\u00edpad\u011b, kdy se protistrana dostane do tzv. \u00fapadku a je nutn\u00e9 proti n\u00ed zah\u00e1jit insolven\u010dn\u00ed \u0159\u00edzen\u00ed, \u010di toto \u0159\u00edzen\u00ed ji\u017e zah\u00e1jeno bylo. Stoj\u00edme v\u0161ak i na druh\u00e9 stran\u011b. Pot\u0159ebujete-li pomoci p\u0159i obran\u011b p\u0159ed soudem \u010di p\u0159ed neopr\u00e1vn\u011bnou exekuc\u00ed, m\u016f\u017eete se na n\u00e1s s d\u016fv\u011brou obr\u00e1tit.\n<br><br>\nNej\u010dast\u011bji vym\u00e1h\u00e1me pohled\u00e1vky. Bohat\u00e9 zku\u0161enosti m\u00e1me ale tak\u00e9 se spory t\u00fdkaj\u00edc\u00edmi se nemovitost\u00ed, spory ze smluv o d\u00edlo a se spory na ochranu osobnosti.<\/p>\t\t<\/div>\n\t\t\t\t<\/div>\n\t\t\t\t<div class=\"elementor-element elementor-element-180f26c elementor-widget elementor-widget-spacer\" data-id=\"180f26c\" data-element_type=\"widget\" data-widget_type=\"spacer.default\">\n\t\t\t\t<div class=\"elementor-widget-container\">\n\t\t\t<style>\/*! elementor - v3.13.3 - 28-05-2023 *\/\n.elementor-column .elementor-spacer-inner{height:var(--spacer-size)}.e-con{--container-widget-width:100%}.e-con-inner>.elementor-widget-spacer,.e-con>.elementor-widget-spacer{width:var(--container-widget-width,var(--spacer-size));--align-self:var(--container-widget-align-self,initial);--flex-shrink:0}.e-con-inner>.elementor-widget-spacer>.elementor-widget-container,.e-con-inner>.elementor-widget-spacer>.elementor-widget-container>.elementor-spacer,.e-con>.elementor-widget-spacer>.elementor-widget-container,.e-con>.elementor-widget-spacer>.elementor-widget-container>.elementor-spacer{height:100%}.e-con-inner>.elementor-widget-spacer>.elementor-widget-container>.elementor-spacer>.elementor-spacer-inner,.e-con>.elementor-widget-spacer>.elementor-widget-container>.elementor-spacer>.elementor-spacer-inner{height:var(--container-widget-height,var(--spacer-size))}<\/style>\t\t<div class=\"elementor-spacer\">\n\t\t\t<div class=\"elementor-spacer-inner\"><\/div>\n\t\t<\/div>\n\t\t\t\t<\/div>\n\t\t\t\t<\/div>\n\t\t\t\t\t<\/div>\r\n\t\t\t<\/div>\r\n\t\t\t\t\t\t\t<\/div>\r\n\t\t\t<\/div>\r\n\t\t\t\t\t\t\t\t<\/div>\n\t\t","protected":false},"excerpt":{"rendered":"<p>Va\u0161e pr\u00e1va budeme h\u00e1jit a zastupovat V\u00e1s i v p\u0159\u00edpadn\u00e9m soudn\u00edm, rozhod\u010d\u00edm, exeku\u010dn\u00edm, \u010di insolven\u010dn\u00edm \u0159\u00edzen\u00ed, a\u0165 u\u017e vystupujete na stran\u011b \u017ealobce, \u017ealovan\u00e9ho, dlu\u017en\u00edka \u010di v\u011b\u0159itele. V p\u0159\u00edpad\u011b spor\u016f se v\u017edy nejprve sna\u017e\u00edme o to, aby na\u0161e argumenty byly natolik p\u0159esv\u011bd\u010div\u00e9, \u017ee soudn\u00ed \u0159\u00edzen\u00ed nebude zapot\u0159eb\u00ed. Nedojde-li v\u0161ak k dosa\u017een\u00ed mimosoudn\u00ed dohody, nev\u00e1h\u00e1me Va\u0161a pr\u00e1va [&hellip;]<\/p>\n","protected":false},"author":1,"featured_media":0,"parent":0,"menu_order":0,"comment_status":"closed","ping_status":"closed","template":"","meta":{"_acf_changed":false,"footnotes":""},"class_list":["post-6724","page","type-page","status-publish","hentry"],"acf":[],"_links":{"self":[{"href":"https:\/\/oklegal.cz\/en\/wp-json\/wp\/v2\/pages\/6724","targetHints":{"allow":["GET"]}}],"collection":[{"href":"https:\/\/oklegal.cz\/en\/wp-json\/wp\/v2\/pages"}],"about":[{"href":"https:\/\/oklegal.cz\/en\/wp-json\/wp\/v2\/types\/page"}],"author":[{"embeddable":true,"href":"https:\/\/oklegal.cz\/en\/wp-json\/wp\/v2\/users\/1"}],"replies":[{"embeddable":true,"href":"https:\/\/oklegal.cz\/en\/wp-json\/wp\/v2\/comments?post=6724"}],"version-history":[{"count":4,"href":"https:\/\/oklegal.cz\/en\/wp-json\/wp\/v2\/pages\/6724\/revisions"}],"predecessor-version":[{"id":6759,"href":"https:\/\/oklegal.cz\/en\/wp-json\/wp\/v2\/pages\/6724\/revisions\/6759"}],"wp:attachment":[{"href":"https:\/\/oklegal.cz\/en\/wp-json\/wp\/v2\/media?parent=6724"}],"curies":[{"name":"wp","href":"https:\/\/api.w.org\/{rel}","templated":true}]}}